{"id":1628,"date":"2022-08-18T10:17:13","date_gmt":"2022-08-18T10:17:13","guid":{"rendered":"https:\/\/dev.sam-consulting.de\/?page_id=1628"},"modified":"2023-09-04T09:58:03","modified_gmt":"2023-09-04T09:58:03","slug":"agb","status":"publish","type":"page","link":"https:\/\/dev.sam-consulting.de\/index.php\/agb\/","title":{"rendered":"AGB"},"content":{"rendered":"\t\t<div data-elementor-type=\"wp-post\" data-elementor-id=\"1628\" class=\"elementor elementor-1628\" data-elementor-post-type=\"page\">\n\t\t\t\t\t\t\t\t\t<section class=\"elementor-section elementor-top-section elementor-element elementor-element-c2a3bc8 elementor-section-boxed elementor-section-height-default elementor-section-height-default\" data-id=\"c2a3bc8\" data-element_type=\"section\" data-settings=\"{&quot;background_background&quot;:&quot;classic&quot;}\">\n\t\t\t\t\t\t\t<div class=\"elementor-background-overlay\"><\/div>\n\t\t\t\t\t\t\t<div class=\"elementor-container elementor-column-gap-no\">\n\t\t\t\t\t<div class=\"elementor-column elementor-col-100 elementor-top-column elementor-element elementor-element-26c71c5\" data-id=\"26c71c5\" data-element_type=\"column\">\n\t\t\t<div class=\"elementor-widget-wrap elementor-element-populated\">\n\t\t\t\t\t\t\t\t<div class=\"elementor-element elementor-element-f23a1e2 elementor-widget elementor-widget-heading\" data-id=\"f23a1e2\" data-element_type=\"widget\" data-widget_type=\"heading.default\">\n\t\t\t\t<div class=\"elementor-widget-container\">\n\t\t\t<style>\/*! elementor - v3.16.0 - 14-09-2023 *\/\n.elementor-heading-title{padding:0;margin:0;line-height:1}.elementor-widget-heading .elementor-heading-title[class*=elementor-size-]>a{color:inherit;font-size:inherit;line-height:inherit}.elementor-widget-heading .elementor-heading-title.elementor-size-small{font-size:15px}.elementor-widget-heading .elementor-heading-title.elementor-size-medium{font-size:19px}.elementor-widget-heading .elementor-heading-title.elementor-size-large{font-size:29px}.elementor-widget-heading .elementor-heading-title.elementor-size-xl{font-size:39px}.elementor-widget-heading .elementor-heading-title.elementor-size-xxl{font-size:59px}<\/style><h1 class=\"elementor-heading-title elementor-size-default\">AGB<\/h1>\t\t<\/div>\n\t\t\t\t<\/div>\n\t\t\t\t<div class=\"elementor-element elementor-element-bae464d elementor-widget elementor-widget-text-editor\" data-id=\"bae464d\" data-element_type=\"widget\" data-widget_type=\"text-editor.default\">\n\t\t\t\t<div class=\"elementor-widget-container\">\n\t\t\t<style>\/*! elementor - v3.16.0 - 14-09-2023 *\/\n.elementor-widget-text-editor.elementor-drop-cap-view-stacked .elementor-drop-cap{background-color:#69727d;color:#fff}.elementor-widget-text-editor.elementor-drop-cap-view-framed .elementor-drop-cap{color:#69727d;border:3px solid;background-color:transparent}.elementor-widget-text-editor:not(.elementor-drop-cap-view-default) .elementor-drop-cap{margin-top:8px}.elementor-widget-text-editor:not(.elementor-drop-cap-view-default) .elementor-drop-cap-letter{width:1em;height:1em}.elementor-widget-text-editor .elementor-drop-cap{float:left;text-align:center;line-height:1;font-size:50px}.elementor-widget-text-editor .elementor-drop-cap-letter{display:inline-block}<\/style>\t\t\t\t\t\t\t\t\t\t<\/div>\n\t\t\t\t<\/div>\n\t\t\t\t\t<\/div>\n\t\t<\/div>\n\t\t\t\t\t\t\t<\/div>\n\t\t<\/section>\n\t\t\t\t<section class=\"elementor-section elementor-top-section elementor-element elementor-element-2a0f1c2 elementor-section-boxed elementor-section-height-default elementor-section-height-default\" data-id=\"2a0f1c2\" data-element_type=\"section\">\n\t\t\t\t\t\t<div class=\"elementor-container elementor-column-gap-default\">\n\t\t\t\t\t<div class=\"elementor-column elementor-col-100 elementor-top-column elementor-element elementor-element-19773f9\" data-id=\"19773f9\" data-element_type=\"column\">\n\t\t\t<div class=\"elementor-widget-wrap elementor-element-populated\">\n\t\t\t\t\t\t\t\t<div class=\"elementor-element elementor-element-326264e elementor-widget elementor-widget-text-editor\" data-id=\"326264e\" data-element_type=\"widget\" data-widget_type=\"text-editor.default\">\n\t\t\t\t<div class=\"elementor-widget-container\">\n\t\t\t\t\t\t\t<h2>Allgemeine Gesch\u00e4ftsbedingungen<\/h2><p><b>\u00a7 1 Geltungsbereich, Vertragsschluss<\/b><br \/>(1) Die nachfolgenden Gesch\u00e4ftsbedingungen gelten f\u00fcr alle Lieferungen und Leistungen der SAM Consulting GmbH (im Folgenden: SAM Consulting). Mit der Entgegennahme eines Angebots, einer Auftragsbest\u00e4tigung, sp\u00e4testens aber mit Erteilung eines Auftrags oder Entgegennahme einer Leistung erkennt der Kunde an, dass die Gesch\u00e4ftsbedingungen f\u00fcr die gesamten gegenw\u00e4rtigen und k\u00fcnftigen Gesch\u00e4ftsbeziehungen gelten.<br \/>(2) Abweichende Vereinbarungen, insbesondere widersprechende Gesch\u00e4ftsbedingungen der Kunden, bed\u00fcrfen zu ihrer Wirksamkeit unserer schriftlichen Zustimmung. Unser Schweigen auf anderslautende Gesch\u00e4ftsbedingungen des Kunden bedeutet kein Einverst\u00e4ndnis mit deren Geltung.<\/p><p><b>\u00a7 2 Vertragsschluss<\/b><br \/>(1) Im Einzelvertrag werden die zu erbringenden Leistungen festgelegt und insbesondere die Verg\u00fctung, Nebenkosten, F\u00e4lligkeiten, Termine und Dauer, Sachmittel sowie der Arbeitsort geregelt.<br \/>(2) SAM Consulting kann die ihr obliegenden Leistungen pers\u00f6nlich erbringen oder durch fachkundige Mitarbeiter oder von ihr sonst beauftragte Dritte erbringen lassen. Dies gilt nicht, wenn und soweit abweichende Regelungen ausdr\u00fccklich und schriftlich getroffen worden sind.<br \/>(3) Unsere Angebote sind freibleibend. Der Vertrag kommt erst zustande, wenn wir Auftr\u00e4ge oder Bestellungen schriftlich angenommen, Annahmeerkl\u00e4rungen schriftlich best\u00e4tigt oder Leistungen erbracht haben. Gleiches gilt f\u00fcr Erg\u00e4nzungen und \u00c4nderungen des Vertrags.<br \/>(4) Technische Angaben und Daten in Verkaufs- und Werbeunterlagen, wie Abbildungen, Zeichnungen, Gewichts- und Ma\u00dfangaben sind nur ann\u00e4hernd ma\u00dfgebend, soweit sie nicht ausdr\u00fccklich als verbindlich bezeichnet sind. An Kostenanschl\u00e4gen, Zeichnungen und anderen Unterlagen behalten wir uns das Eigentums- und Urheberrecht vor; sie d\u00fcrfen Dritten nicht zug\u00e4nglich gemacht werden.<br \/>(5) Der Kunde ist an einen uns erteilten Auftrag drei Wochen gebunden; die Frist beginnt mit Eingang des Auftrags bei uns. Die Bindung des Kunden an seinen Auftrag entf\u00e4llt, wenn wir die Annahme ablehnen oder nicht innerhalb der hier bestimmten Frist erkl\u00e4ren.<\/p><p><b>\u00a7 3 Mitwirkung des Kunden<\/b><br \/>(1) Der Kunde hat die Pflicht, alle erforderlichen Mitwirkungshandlungen zu erbringen, die die Erf\u00fcllung der vereinbarten Leistung erm\u00f6glichen. Dazu geh\u00f6ren insbesondere die Bereitstellung von Anschlussm\u00f6glichkeiten (insbesondere f\u00fcr Strom, Netzwerk, Telekommunikation) bei Arbeiten vor Ort und die Bereitstellung der erforderlichen Software- und Arbeitsumgebung (insbesondere Hardware, Betriebssystem, Zubeh\u00f6r), sofern sich aus dem Einzelauftrag nichts anderes ergibt.<br \/>(2) Der Kunde wird SAM Consulting unverz\u00fcglich mit allen Informationen versorgen, die zur Erbringung der Leistungen erforderlich sind. Der Kunde benennt SAM Consulting einen st\u00e4ndigen Ansprechpartner, der auf Seiten des Kunden f\u00fcr die Durchf\u00fchrung des Auftrags verantwortlich ist und der SAM Consulting f\u00fcr die notwendigen, den Auftrag betreffenden Informationen zur Verf\u00fcgung steht und die Kontakte beschafft, welche f\u00fcr den unverz\u00fcglichen Fortgang der Arbeiten einschlie\u00dflich der notwendigen Entscheidungen zweckm\u00e4\u00dfig sind.<br \/>(3) Der Kunde weist SAM Consulting auf die in seinem Betrieb geltenden bzw. die Durchf\u00fchrung des Auftrags betreffenden Schutz- und Sicherheits-bestimmungen hin.<br \/>(4) Mehraufwendungen durch fehlerhafte oder unzureichende Vorbereitungs-ma\u00dfnahmen hat der Kunde zu tragen.<\/p><p><b>\u00a7 4 Termine und Fristen<\/b><br \/>(1) S\u00e4mtliche Termine und Fristen sind unverbindlich, es sei denn, sie werden ausdr\u00fccklich als verbindlich bezeichnet.<br \/>(2) Vereinbarte Fristen verl\u00e4ngern sich angemessen, wenn der Vertrag ge\u00e4ndert oder erg\u00e4nzt wird oder der Kunde seinen Mitwirkungspflichten nach \u00a7 2 nicht rechtzeitig nachkommt.<br \/>(3) SAM Consulting hat Beeintr\u00e4chtigungen durch h\u00f6here Gewalt, wie z.B. Streik, Aussperrung, beh\u00f6rdliche Ma\u00dfnahmen u.\u00e4. nicht zu vertreten. Etwa vereinbarte Fristen und Termine werden f\u00fcr den Zeitraum, in dem SAM Consulting aufgrund der vorstehend aufgef\u00fchrten Gr\u00fcnde an der Leistung verhindert ist, verl\u00e4ngert bzw. verschoben.<\/p><p><b>\u00a7 5 Verg\u00fctung und Zahlung<\/b><br \/>(1) Die Verg\u00fctung der Lieferungen und Leistungen von SAM Consulting richtet sich nach dem jeweiligen Einzelvertrag und den jeweils g\u00fcltigen Honorars\u00e4tzen von SAM Consulting. Gleiches gilt f\u00fcr die Fahrt- bzw. anderen Nebenkosten.<br \/>(2) Alle Preise verstehen sich in EURO. Die Umsatzsteuer in der jeweils geltenden gesetzlichen H\u00f6he wird zus\u00e4tzlich in Rechnung gestellt.<br \/>(3) Alle Rechnungen sind sofort und ohne Abzug zahlbar. Der Kunde kommt 14 Tage nach Zugang einer Rechnung in Verzug, ohne dass es einer Mahnung bedarf.<br \/>(4) Der Kunde kann nur mit unbestrittenen oder rechtskr\u00e4ftig festgestellten Forderungen aufrechnen.<br \/>(5) Ein Zur\u00fcckbehaltungsrecht steht dem Kunden nur in F\u00e4llen von unbestrittenen oder rechtskr\u00e4ftig festgestellten Anspr\u00fcchen zu.<\/p><p><b>\u00a7 6 Geheimhaltung<\/b><br \/>(1) SAM Consulting verpflichtet sich, vertrauliche Informationen zeitlich unbegrenzt vertraulich zu behandeln und solche Kenntnisse und Informationen, soweit sie nicht offenkundig sind, nicht an Dritte weiterzugeben. SAM Consulting wird seine Mitarbeiter entsprechend zur Geheimhaltung verpflichten.<br \/>(2) SAM Consulting wird \u00fcberlassene Daten und Unterlagen sorgf\u00e4ltig aufbewahren und auf schriftliche Aufforderung des Kunden die Daten l\u00f6schen bzw. die Unterlagen vernichten oder zur\u00fcckgeben.<br \/>(3) Der Kunde wird Daten und Unterlagen, die ihm im Zuge des Auftrags zug\u00e4nglich gemacht worden sind, nach Beendigung des Auftrags zur\u00fcckgeben und \u00fcber vertrauliche Informationen Stillschweigen bewahren.<\/p><p><b>\u00a7 7 Datenschutz<\/b><br \/>(1) Der Kunde wird gem\u00e4\u00df \u00a7 33 BDSG, \u00a7 4 Abs. 1 TDDSG und \u00a7 18 Abs. 1 MDStV darauf hingewiesen, dass die Angaben, die er im Rahmen des Vertragsverh\u00e4ltnisses macht, von SAM Consulting in dem f\u00fcr die Begr\u00fcndung, inhaltliche Ausgestaltung oder \u00c4nderung des Vertragsverh\u00e4ltnisses erforderlichen Umfang im automatisierten Verfahren gespeichert, erhoben, verarbeitet und genutzt werden (\u00a7 5 TDDSG, \u00a7 19 Abs. 1 MDStV). Der Kunde wird au\u00dferdem darauf hingewiesen, dass SAM Consulting Nutzungs- und Abrechnungsdaten im Rahmen des \u00a7 6 und \u00a7 19 MDStV erhebt, verarbeitet und nutzt.<br \/>(2) SAM Consulting wird alle Kundendaten vertraulich behandeln. \u00dcber das zur Durchf\u00fchrung des Kundenauftrags erforderliche Ma\u00df hinaus verwendet SAM Consulting die \u00fcberlassenen Daten nur mit Einwilligung des Kunden.<\/p><p><b>\u00a7 8 Haftung<\/b><br \/>(1) SAM Consulting haftet bei leicht fahrl\u00e4ssigen Pflichtverletzungen nur f\u00fcr den vertragstypischen und vorhersehbaren Durchschnittsschaden.<br \/>(2) Die Haftung f\u00fcr die leicht fahrl\u00e4ssige Verletzung unwesentlicher Vertragspflichten ist ausgeschlossen.<br \/>(3) Im Falle des Verlustes oder der Besch\u00e4digung von Daten und damit verbundenen Folgesch\u00e4den haftet SAM Consulting nur in H\u00f6he der Kosten, die beim Kunden f\u00fcr die Erstellung von Sicherungskopien der Daten angefallen sind oder, wenn der Kunde solche Kopien nicht erstellt hat, angefallen w\u00e4ren, sowie f\u00fcr die Kosten der \u00dcbernahme der Daten aus der Sicherungskopie. Der Kunde ist verpflichtet, Sicherungskopien anzufertigen.<br \/>(4) SAM Consulting weist den Kunden ausdr\u00fccklich darauf hin, dass der Datenschutz f\u00fcr Daten\u00fcbertragungen in offenen Netzen wie dem Internet nach dem derzeitigen Stand der Technik nicht umfassend gew\u00e4hrleistet werden kann. Dem Kunden ist bekannt, dass SAM Consulting technisch in der Lage ist, das gesamte auf dem Webserver gespeicherte Datenmaterial jederzeit einzusehen. Auch anderen Teilnehmern am Internet ist es unter Umst\u00e4nden m\u00f6glich, unbefugt in die Netzsicherheit einzugreifen und den Nachrichtenverkehr zu kontrollieren. F\u00fcr die Sicherheit der von ihm ins Internet \u00fcbermittelten Daten tr\u00e4gt der Kunde deshalb selbst Sorge.<br \/>(5) Diese Haftungsbeschr\u00e4nkungen gelten nicht bei K\u00f6rper- und Gesundheitssch\u00e4den oder bei Verlust des Lebens des Vertragspartners sowie bei Anspr\u00fcchen nach dem Produkthaftungsgesetz.<\/p><p><b>\u00a7 9 Beratungsleistungen<\/b><br \/>(1) Bei Beratungs-, Schulungs- und Unterst\u00fctzungsleistungen schuldet SAM Consulting nur die Beratungs-, Schulungs- und Unterst\u00fctzungsleistung und nicht den wirtschaftlichen Erfolg bzw. das Gelingen eines Projektes oder Gesamtvorhabens.<br \/>(2) Eine Abnahme sowie eine Gew\u00e4hrleistung finden nicht statt. Bei Leistungsm\u00e4ngeln hat der Kunde die gesetzlichen Rechte, insbesondere das Recht zur K\u00fcndigung des Vertrages.<\/p><p><b>\u00a7 10 Abnahme<\/b><br \/>(1) Nach Meldung einer Fertigstellung hat eine Abnahme unverz\u00fcglich zu erfolgen.<br \/>(2) Hat der Auftraggeber die Leistung oder einen Teil der Leistung in Benutzung genommen, so gilt die Abnahme als erfolgt.<br \/>(3) Kommt es innerhalb von 14 Tagen nach Meldung der Fertigstellung nicht zu einer Abnahme aus Gr\u00fcnden, die SAM Consulting nicht zu vertreten hat, so gilt die Leistung als abgenommen.<\/p><p><b>\u00a7 11 Gew\u00e4hrleistung<\/b><br \/>(1) Gegebenenfalls auftretende M\u00e4ngel sind SAM Consulting unverz\u00fcglich schriftlich unter Beilage aller der Fehlerdiagnose dienlichen Unterlagen anzuzeigen.<br \/>(2) SAM Consulting wird nach eigener Wahl berechtigte M\u00e4ngel zun\u00e4chst nach Absprache mit dem Kunden innerhalb zumutbarer Frist kostenlos beseitigen oder neu liefern\/leisten. Im \u00dcbrigen gelten die gesetzlichen Bestimmungen.<br \/>(3) Die Gew\u00e4hrleistungsfrist betr\u00e4gt 1 Jahr.<\/p><p><b>\u00a7 12 Schutzrechte Dritter<\/b><br \/>(1) SAM Consulting geht f\u00fcr den Bereich der Bundesrepublik Deutschland davon aus, dass die vertragsgem\u00e4\u00dfe Verwendung ihrer Lieferungen und Leistungen keine Schutzrechte Dritter beeintr\u00e4chtigt.<br \/>(2) SAM Consulting und der Kunde benachrichtigen sich gegenseitig unverz\u00fcglich, wenn Dritte Schutzrechtsverletzungen geltend machen.<br \/>(3) Der Kunde hat daf\u00fcr Sorge zu tragen, dass die Verwendung des von ihm gestellten Bild-, Text- oder Tonmaterials nicht Schutzrechte Dritter beeintr\u00e4chtigt; er stellt SAM Consulting insofern von der Haftung frei.<\/p><p><b>\u00a7 13 Software<\/b><br \/>(1) An von SAM Consulting entwickelten Programmen und den dazugeh\u00f6rigen Dokumentationen sowie diesbez\u00fcglichen nachtr\u00e4glichen Erg\u00e4nzungen wird dem Kunden ein nicht ausschlie\u00dfliches, nicht \u00fcbertragbares Nutzungsrecht zum Gebrauch durch den Kunden im Zusammenhang mit den Produkten, f\u00fcr die die Software geliefert wurde, einger\u00e4umt.<br \/>(2) Der Kunde hat sicherzustellen, dass die Software und die dazugeh\u00f6rigen Dokumentationen ohne die vorherige schriftliche Zustimmung von SAM Consulting Dritten nicht zug\u00e4nglich gemacht werden. Es ist dem Kunden untersagt, den Objectcode der Software zur\u00fcckzuentwickeln, zu reassemblen oder in welcher Weise auch immer zu bearbeiten oder zu \u00e4ndern. Jegliche Vervielf\u00e4ltigung der Software ist mit Ausnahme einer Sicherungskopie untersagt.<br \/>(3) F\u00fcr andere, von Dritten entwickelte und von SAM Consulting vertriebene Software gelten die Lizenz- und Urheberrechtsbestimmungen des jeweiligen Herstellers. Gleiches gilt f\u00fcr auf Open-Source-Software basierender Software.<\/p><p><b>\u00a7 14 Webhosting<\/b><br \/>(1) Soweit WEBHOSTING Gegenstand des Vertrages ist, gelten die Bestimmungen dieses Paragraphen erg\u00e4nzend zu den \u00fcbrigen Bestimmungen.<br \/>(2) SAM Consulting r\u00e4umt dem Kunden die M\u00f6glichkeit ein, durch Nutzung von Massenspeicher (z.B. Festplatte) eines Computersystems, das st\u00e4ndig an das Internet angebunden ist (Webserver), Daten im World Wide Web dergestalt zu pr\u00e4sentieren, dass sie weltweit \u00fcber das lnternet abrufbar sind (Webseite, Homepage, Pr\u00e4senz). Hierzu stellt SAM Consulting dem Kunden Speicherplatz auf seinem Webserver zur Verf\u00fcgung.<br \/>(3) Bei der \u00dcberlassung des Speicherplatzes auf dem Webserver schlie\u00dft SAM Consulting jegliche verschuldensunabh\u00e4ngige Haftung f\u00fcr anf\u00e4ngliche M\u00e4ngel des Webservers aus. Sp\u00e4tere Einwendungen wegen offener oder verdeckter M\u00e4ngel sind damit ausgeschlossen.<br \/>(4) Der Kunde erh\u00e4lt keinen unmittelbaren Schreibzugriff auf den zur Verf\u00fcgung gestellten Webseiten-Speicher. \u00c4nderungen am Datenbestand des Kunden und Aktualisierungen erfolgen nach Ma\u00dfgabe der Abs\u00e4tze (9) und (10).<br \/>(5) Soweit Dritte \u00fcber einen Internet-Zugang verf\u00fcgen, k\u00f6nnen sie die Webseite des Kunden rund um die Uhr weltweit abrufen. SAM Consulting sagt eine Erreichbarkeit des Webservers von 97 % im Jahresmittel zu. Hiervon ausgenommen sind Zeiten, in denen der Webserver aufgrund von technischen oder sonstigen Problemen, die nicht im Einflussbereich des Providers liegen (h\u00f6here Gewalt, Verschulden Dritter usw.) \u00fcber das Internet nicht zu erreichen ist.<br \/>(6) Die Haftung wegen Unterbrechungen und St\u00f6rungen, die auf Telekommunikationsdienstleistungen beruhen, ist beschr\u00e4nkt auf die H\u00f6he des f\u00fcr SAM Consulting m\u00f6glichen R\u00fcckgriffs gegen den jeweiligen Telekommunikationsdienstleistungsanbieter. SAM Consulting haftet nicht f\u00fcr die Funktionsf\u00e4higkeit der Telefonleitungen zu dem vertragsgegenst\u00e4ndlichen Server, bei Stromausf\u00e4llen und bei Ausf\u00e4llen von Servern, die nicht in ihrem Einflussbereich liegen.<br \/>(7) Der Kunde ist berechtigt, andere Unternehmen oder deren Waren und Dienstleistungen auf dem Webserver darzustellen. Die Haftung f\u00fcr die Drittpr\u00e4sentation \u00fcbernimmt in jedem Fall der Kunde.<br \/>(8) SAM Consulting bleibt es vorbehalten, den Einsatz solcher Techniken zu untersagen,<br \/>&#8211; die den Webserver \u00fcberm\u00e4\u00dfig stark belasten;<br \/>&#8211; die ihm im Hinblick auf die Netz- und Serversicherheit bedenklich erscheinen;<br \/>&#8211; f\u00fcr die Software erforderlich ist, zu deren Nutzung SAM Consulting und\/oder der Kunde nicht berechtigt ist;<br \/>&#8211; durch deren Einbindung SAM Consulting ein zeitlicher oder finanzieller Einrichtungsmehraufwand bei der Bereitstellung und\/oder Pflege der Webseite entsteht, soweit nicht der Kunde diesen Mehraufwand angemessen gesondert verg\u00fctet. Im \u00dcbrigen ist der Kunde bei der Gestaltung seiner Seiten hinsichtlich der Wahl der technischen M\u00f6glichkeiten frei.<br \/>(9) Aktualisierungen und sonstige \u00c4nderungen werden durch SAM Consulting in den schriftlich vereinbarten Intervallen nach Ma\u00dfgabe der vom Kunden zur Verf\u00fcgung gestellten Daten vorgenommen. Sind solche Intervalle nicht schriftlich vereinbart, so wird SAM Consulting Aktualisierungen einmal monatlich vornehmen. Der Kunde hat SAM Consulting die gew\u00fcnschten \u00c4nderungen sp\u00e4testens drei Werktage vorher mitzuteilen und ggf. die erforderlichen Daten per E-Mail oder auf einem Datentr\u00e4ger zur Verf\u00fcgung zu stellen bzw. den Datenbestand nach Ma\u00dfgabe dieses Absatzes entsprechend zu \u00e4ndern. SAM Consulting ist &#8211; soweit nicht schriftlich abweichend vereinbart &#8211; nicht verpflichtet, Datenmaterial zu akzeptieren, wenn es nicht in elektronischer Form zur Verf\u00fcgung gestellt wird.<\/p><p>(10) Auf Wunsch des Kunden r\u00e4umt ihm SAM Consulting die M\u00f6glichkeit ein, eine &#8211; von Dritten nicht abrufbare &#8211; Kopie seiner Webseite mittels eines Datentransferprotokolls (FTP) selbst zu speichern, zu ver\u00e4ndern oder zu erg\u00e4nzen. Hierzu stellt SAM Consulting dem Kunden ein Passwort zur Verf\u00fcgung, mit dem \u00fcber das Internet auf diese Kopie zugegriffen werden kann. Der Kunde verpflichtet sich, vergebene Passw\u00f6rter streng geheim zu halten und SAM Consulting unverz\u00fcglich zu informieren, sobald er davon Kenntnis erlangt, dass Dritten ein Passwort bekannt ist. SAM Consulting wird die vom Kunden vorgenommenen \u00c4nderungen in die Pr\u00e4senz des Kunden nur \u00fcbernehmen, soweit Bestimmungen des Vertrages nicht entgegenstellen.<br \/>(11) SAM Consulting ist f\u00fcr fremde Informationen, die sie f\u00fcr den Kunden speichert, nicht verantwortlich, sofern<br \/>1. sie keine Kenntnis von der rechtswidrigen Handlung oder der Information hat und ihr im Falle von Schadensersatzanspr\u00fcchen auch keine Tatsachen oder Umst\u00e4nde bekannt sind, aus denen die rechtswidrige Handlung oder die Information offensichtlich wird, oder<br \/>2. sie unverz\u00fcglich t\u00e4tig geworden ist, um die Information zu entfernen oder den Zugang zu ihr zu sperren, sobald sie diese Kenntnis erlangt hat.<\/p><p><b>\u00a7 15 Erf\u00fcllungsort, Gerichtsstand<\/b><br \/>(1) Erf\u00fcllungsort f\u00fcr alle Lieferungen, Leistungen und Zahlungen ist der Sitz von SAM Consulting, soweit sich nicht aus dem Einzelvertrag etwas anderes ergibt.<br \/>(2) Gerichtsstand ist der Sitz von SAM Consulting, soweit der Kunde Kaufmann, juristische Person des \u00f6ffentlichen Rechts oder ein \u00f6ffentlich-rechtliches Sonderverm\u00f6gen ist. Wir sind berechtigt, nach unserer Wahl auch am Gerichtsstand des Kunden zu klagen.<\/p><p><b>\u00a7 16 Salvatorische Klausel<\/b><br \/>Sollten einzelne dieser Bestimmungen unwirksam sein, wird dadurch die Wirksamkeit der \u00fcbrigen Bestimmungen und des Vertrages als Ganzes nicht ber\u00fchrt. Stand Juni 2002<\/p>\t\t\t\t\t\t<\/div>\n\t\t\t\t<\/div>\n\t\t\t\t\t<\/div>\n\t\t<\/div>\n\t\t\t\t\t\t\t<\/div>\n\t\t<\/section>\n\t\t\t\t\t\t\t<\/div>\n\t\t","protected":false},"excerpt":{"rendered":"<p>AGB Allgemeine Gesch\u00e4ftsbedingungen \u00a7 1 Geltungsbereich, Vertragsschluss(1) Die nachfolgenden Gesch\u00e4ftsbedingungen gelten f\u00fcr alle Lieferungen und Leistungen der SAM Consulting GmbH (im Folgenden: SAM Consulting). Mit der Entgegennahme eines Angebots, einer Auftragsbest\u00e4tigung, sp\u00e4testens aber mit Erteilung eines Auftrags oder Entgegennahme einer Leistung erkennt der Kunde an, dass die Gesch\u00e4ftsbedingungen f\u00fcr die gesamten gegenw\u00e4rtigen und k\u00fcnftigen Gesch\u00e4ftsbeziehungen &hellip;<\/p>\n<p class=\"read-more\"> <a class=\"\" href=\"https:\/\/dev.sam-consulting.de\/index.php\/agb\/\"> <span class=\"screen-reader-text\">AGB<\/span> Weiterlesen &raquo;<\/a><\/p>\n","protected":false},"author":1,"featured_media":0,"parent":0,"menu_order":0,"comment_status":"closed","ping_status":"closed","template":"","meta":{"passster_activate_protection":false,"passster_protect_child_pages":"","passster_protection_type":"password","passster_password":"","passster_activate_overwrite_defaults":"","passster_headline":"","passster_instruction":"","passster_placeholder":"","passster_button":"","passster_id":"","passster_activate_misc_settings":"","passster_redirect_url":"","passster_hide":"no","passster_area_shortcode":"","site-sidebar-layout":"no-sidebar","site-content-layout":"page-builder","ast-site-content-layout":"","site-content-style":"default","site-sidebar-style":"default","ast-global-header-display":"","ast-banner-title-visibility":"","ast-main-header-display":"","ast-hfb-above-header-display":"","ast-hfb-below-header-display":"","ast-hfb-mobile-header-display":"","site-post-title":"disabled","ast-breadcrumbs-content":"","ast-featured-img":"disabled","footer-sml-layout":"","theme-transparent-header-meta":"enabled","adv-header-id-meta":"","stick-header-meta":"","header-above-stick-meta":"","header-main-stick-meta":"","header-below-stick-meta":"","astra-migrate-meta-layouts":"","footnotes":""},"class_list":["post-1628","page","type-page","status-publish","hentry"],"_links":{"self":[{"href":"https:\/\/dev.sam-consulting.de\/index.php\/wp-json\/wp\/v2\/pages\/1628","targetHints":{"allow":["GET"]}}],"collection":[{"href":"https:\/\/dev.sam-consulting.de\/index.php\/wp-json\/wp\/v2\/pages"}],"about":[{"href":"https:\/\/dev.sam-consulting.de\/index.php\/wp-json\/wp\/v2\/types\/page"}],"author":[{"embeddable":true,"href":"https:\/\/dev.sam-consulting.de\/index.php\/wp-json\/wp\/v2\/users\/1"}],"replies":[{"embeddable":true,"href":"https:\/\/dev.sam-consulting.de\/index.php\/wp-json\/wp\/v2\/comments?post=1628"}],"version-history":[{"count":25,"href":"https:\/\/dev.sam-consulting.de\/index.php\/wp-json\/wp\/v2\/pages\/1628\/revisions"}],"predecessor-version":[{"id":3098,"href":"https:\/\/dev.sam-consulting.de\/index.php\/wp-json\/wp\/v2\/pages\/1628\/revisions\/3098"}],"wp:attachment":[{"href":"https:\/\/dev.sam-consulting.de\/index.php\/wp-json\/wp\/v2\/media?parent=1628"}],"curies":[{"name":"wp","href":"https:\/\/api.w.org\/{rel}","templated":true}]}}