{"id":1723,"date":"2022-08-18T12:29:33","date_gmt":"2022-08-18T12:29:33","guid":{"rendered":"https:\/\/dev.sam-consulting.de\/?page_id=1723"},"modified":"2023-09-04T09:57:17","modified_gmt":"2023-09-04T09:57:17","slug":"scopeland","status":"publish","type":"page","link":"https:\/\/dev.sam-consulting.de\/index.php\/scopeland\/","title":{"rendered":"Scopeland"},"content":{"rendered":"\t\t<div data-elementor-type=\"wp-post\" data-elementor-id=\"1723\" class=\"elementor elementor-1723\" data-elementor-post-type=\"page\">\n\t\t\t\t\t\t\t\t\t<section class=\"elementor-section elementor-top-section elementor-element elementor-element-c2a3bc8 elementor-section-boxed elementor-section-height-default elementor-section-height-default\" data-id=\"c2a3bc8\" data-element_type=\"section\" data-settings=\"{&quot;background_background&quot;:&quot;classic&quot;}\">\n\t\t\t\t\t\t\t<div class=\"elementor-background-overlay\"><\/div>\n\t\t\t\t\t\t\t<div class=\"elementor-container elementor-column-gap-no\">\n\t\t\t\t\t<div class=\"elementor-column elementor-col-100 elementor-top-column elementor-element elementor-element-26c71c5\" data-id=\"26c71c5\" data-element_type=\"column\">\n\t\t\t<div class=\"elementor-widget-wrap elementor-element-populated\">\n\t\t\t\t\t\t\t\t<div class=\"elementor-element elementor-element-f23a1e2 elementor-widget elementor-widget-heading\" data-id=\"f23a1e2\" data-element_type=\"widget\" data-widget_type=\"heading.default\">\n\t\t\t\t<div class=\"elementor-widget-container\">\n\t\t\t<style>\/*! elementor - v3.16.0 - 14-09-2023 *\/\n.elementor-heading-title{padding:0;margin:0;line-height:1}.elementor-widget-heading .elementor-heading-title[class*=elementor-size-]>a{color:inherit;font-size:inherit;line-height:inherit}.elementor-widget-heading .elementor-heading-title.elementor-size-small{font-size:15px}.elementor-widget-heading .elementor-heading-title.elementor-size-medium{font-size:19px}.elementor-widget-heading .elementor-heading-title.elementor-size-large{font-size:29px}.elementor-widget-heading .elementor-heading-title.elementor-size-xl{font-size:39px}.elementor-widget-heading .elementor-heading-title.elementor-size-xxl{font-size:59px}<\/style><h1 class=\"elementor-heading-title elementor-size-default\">Serviceleistungen<\/h1>\t\t<\/div>\n\t\t\t\t<\/div>\n\t\t\t\t<div class=\"elementor-element elementor-element-bae464d elementor-widget elementor-widget-text-editor\" data-id=\"bae464d\" data-element_type=\"widget\" data-widget_type=\"text-editor.default\">\n\t\t\t\t<div class=\"elementor-widget-container\">\n\t\t\t<style>\/*! elementor - v3.16.0 - 14-09-2023 *\/\n.elementor-widget-text-editor.elementor-drop-cap-view-stacked .elementor-drop-cap{background-color:#69727d;color:#fff}.elementor-widget-text-editor.elementor-drop-cap-view-framed .elementor-drop-cap{color:#69727d;border:3px solid;background-color:transparent}.elementor-widget-text-editor:not(.elementor-drop-cap-view-default) .elementor-drop-cap{margin-top:8px}.elementor-widget-text-editor:not(.elementor-drop-cap-view-default) .elementor-drop-cap-letter{width:1em;height:1em}.elementor-widget-text-editor .elementor-drop-cap{float:left;text-align:center;line-height:1;font-size:50px}.elementor-widget-text-editor .elementor-drop-cap-letter{display:inline-block}<\/style>\t\t\t\t\t\t\t\t\t\t<\/div>\n\t\t\t\t<\/div>\n\t\t\t\t\t<\/div>\n\t\t<\/div>\n\t\t\t\t\t\t\t<\/div>\n\t\t<\/section>\n\t\t\t\t<section class=\"elementor-section elementor-top-section elementor-element elementor-element-5678d3f elementor-section-boxed elementor-section-height-default elementor-section-height-default\" data-id=\"5678d3f\" data-element_type=\"section\">\n\t\t\t\t\t\t<div class=\"elementor-container elementor-column-gap-default\">\n\t\t\t\t\t<div class=\"elementor-column elementor-col-100 elementor-top-column elementor-element elementor-element-9bd7693\" data-id=\"9bd7693\" data-element_type=\"column\">\n\t\t\t<div class=\"elementor-widget-wrap elementor-element-populated\">\n\t\t\t\t\t\t\t\t<div class=\"elementor-element elementor-element-56e4d77 elementor-widget elementor-widget-text-editor\" data-id=\"56e4d77\" data-element_type=\"widget\" data-widget_type=\"text-editor.default\">\n\t\t\t\t<div class=\"elementor-widget-container\">\n\t\t\t\t\t\t\t<p><img loading=\"lazy\" decoding=\"async\" class=\"alignnone size-medium wp-image-1725\" src=\"https:\/\/dev.sam-consulting.de\/wp-content\/uploads\/2022\/08\/Scopeland-Logo-4C-1-300x71.jpeg\" alt=\"\" width=\"300\" height=\"71\" srcset=\"https:\/\/dev.sam-consulting.de\/wp-content\/uploads\/2022\/08\/Scopeland-Logo-4C-1-300x71.jpeg 300w, https:\/\/dev.sam-consulting.de\/wp-content\/uploads\/2022\/08\/Scopeland-Logo-4C-1-1024x244.jpeg 1024w, https:\/\/dev.sam-consulting.de\/wp-content\/uploads\/2022\/08\/Scopeland-Logo-4C-1-768x183.jpeg 768w, https:\/\/dev.sam-consulting.de\/wp-content\/uploads\/2022\/08\/Scopeland-Logo-4C-1-1536x366.jpeg 1536w, https:\/\/dev.sam-consulting.de\/wp-content\/uploads\/2022\/08\/Scopeland-Logo-4C-1-2048x488.jpeg 2048w\" sizes=\"auto, (max-width: 300px) 100vw, 300px\" \/><\/p><p class=\"p1\"><span class=\"s1\">Die Scopeland Technology GmbH ist Hersteller der programmierfreien Softwareentwicklungsplattform SCOPELAND\u00ae, der f\u00fchrenden Low-Code-Plattform f\u00fcr die professionelle Anwendungsentwicklung auf dem deutschen Markt.\u00a0<\/span><\/p><p class=\"p1\"><span class=\"s1\">Low-Code-Entwicklungsplattformen erm\u00f6glichen eine in Gr\u00f6\u00dfenordnungen schnellere Entwicklung typischer Business-Anwendungen, und das mit deutlich niedrigerer Einstiegsschwelle f\u00fcr die Entwickler \u2013 daher das \u201aLow\u2018 in \u201aLow-Code\u2018, was f\u00fcr niedrigschwellig steht. Folglich kann die Entwicklung von Fachanwendungen nicht nur durch hochqualifizierte Informatiker, sondern teilweise auch durch eingewiesene IT-affine Anwender (\u201aPower User\u2018) erfolgen.\u00a0<\/span><\/p><p class=\"p1\"><span class=\"s1\">Aus diesem Grund z\u00e4hlen Low-Code-Plattformen zu den Schl\u00fcsseltechnologien bei der weltweit fortschreitenden Digitalisierung. Die Plattform SCOPELAND\u00ae ist mittlerweile bei vielen Gro\u00dfunternehmen und Beh\u00f6rden in mehr als 500 erfolgreich abgeschlossenen Projekten im Einsatz.<\/span><\/p>\t\t\t\t\t\t<\/div>\n\t\t\t\t<\/div>\n\t\t\t\t\t<\/div>\n\t\t<\/div>\n\t\t\t\t\t\t\t<\/div>\n\t\t<\/section>\n\t\t\t\t\t\t\t<\/div>\n\t\t","protected":false},"excerpt":{"rendered":"<p>Serviceleistungen Die Scopeland Technology GmbH ist Hersteller der programmierfreien Softwareentwicklungsplattform SCOPELAND\u00ae, der f\u00fchrenden Low-Code-Plattform f\u00fcr die professionelle Anwendungsentwicklung auf dem deutschen Markt.\u00a0 Low-Code-Entwicklungsplattformen erm\u00f6glichen eine in Gr\u00f6\u00dfenordnungen schnellere Entwicklung typischer Business-Anwendungen, und das mit deutlich niedrigerer Einstiegsschwelle f\u00fcr die Entwickler \u2013 daher das \u201aLow\u2018 in \u201aLow-Code\u2018, was f\u00fcr niedrigschwellig steht. Folglich kann die Entwicklung von &hellip;<\/p>\n<p class=\"read-more\"> <a class=\"\" href=\"https:\/\/dev.sam-consulting.de\/index.php\/scopeland\/\"> <span class=\"screen-reader-text\">Scopeland<\/span> Weiterlesen &raquo;<\/a><\/p>\n","protected":false},"author":1,"featured_media":0,"parent":0,"menu_order":0,"comment_status":"closed","ping_status":"closed","template":"","meta":{"passster_activate_protection":false,"passster_protect_child_pages":"","passster_protection_type":"password","passster_password":"","passster_activate_overwrite_defaults":"","passster_headline":"","passster_instruction":"","passster_placeholder":"","passster_button":"","passster_id":"","passster_activate_misc_settings":"","passster_redirect_url":"","passster_hide":"no","passster_area_shortcode":"","site-sidebar-layout":"no-sidebar","site-content-layout":"page-builder","ast-site-content-layout":"","site-content-style":"default","site-sidebar-style":"default","ast-global-header-display":"","ast-banner-title-visibility":"","ast-main-header-display":"","ast-hfb-above-header-display":"","ast-hfb-below-header-display":"","ast-hfb-mobile-header-display":"","site-post-title":"disabled","ast-breadcrumbs-content":"","ast-featured-img":"disabled","footer-sml-layout":"","theme-transparent-header-meta":"enabled","adv-header-id-meta":"","stick-header-meta":"","header-above-stick-meta":"","header-main-stick-meta":"","header-below-stick-meta":"","astra-migrate-meta-layouts":"","footnotes":""},"class_list":["post-1723","page","type-page","status-publish","hentry"],"_links":{"self":[{"href":"https:\/\/dev.sam-consulting.de\/index.php\/wp-json\/wp\/v2\/pages\/1723","targetHints":{"allow":["GET"]}}],"collection":[{"href":"https:\/\/dev.sam-consulting.de\/index.php\/wp-json\/wp\/v2\/pages"}],"about":[{"href":"https:\/\/dev.sam-consulting.de\/index.php\/wp-json\/wp\/v2\/types\/page"}],"author":[{"embeddable":true,"href":"https:\/\/dev.sam-consulting.de\/index.php\/wp-json\/wp\/v2\/users\/1"}],"replies":[{"embeddable":true,"href":"https:\/\/dev.sam-consulting.de\/index.php\/wp-json\/wp\/v2\/comments?post=1723"}],"version-history":[{"count":37,"href":"https:\/\/dev.sam-consulting.de\/index.php\/wp-json\/wp\/v2\/pages\/1723\/revisions"}],"predecessor-version":[{"id":3092,"href":"https:\/\/dev.sam-consulting.de\/index.php\/wp-json\/wp\/v2\/pages\/1723\/revisions\/3092"}],"wp:attachment":[{"href":"https:\/\/dev.sam-consulting.de\/index.php\/wp-json\/wp\/v2\/media?parent=1723"}],"curies":[{"name":"wp","href":"https:\/\/api.w.org\/{rel}","templated":true}]}}